{"id":667,"date":"2015-07-14T17:04:07","date_gmt":"2015-07-14T17:04:07","guid":{"rendered":"http:\/\/cmcakes.com\/es\/?page_id=667"},"modified":"2015-07-15T15:59:33","modified_gmt":"2015-07-15T15:59:33","slug":"taller-de-cupcake-basico","status":"publish","type":"page","link":"https:\/\/cmcakes.com\/es\/talleres-de-reposteria\/taller-de-cupcake-basico\/","title":{"rendered":"Taller de Cupcake B\u00e1sico"},"content":{"rendered":"<p>En el Taller corto de Cupcakes b\u00e1sico se realizar\u00e1n dos masas distintas y luego se realizar\u00e1n las decoraciones con diferentes cremas y pastas para darles terminaciones decorativas.<\/p>\n<ul>\n<li>Contenido: Conceptos, preparaci\u00f3n de dos masas base, preparaci\u00f3n de cremas para decoraci\u00f3n y utilizaci\u00f3n de pastillaje para decoraci\u00f3n.<\/li>\n<li>Duraci\u00f3n del curso: 3 horas.<\/li>\n<li>Modalidad: 100% pr\u00e1ctico.<\/li>\n<li>Te llevas a casa lo que preparas.<\/li>\n<\/ul>\n<p><a class=\"btn btn-primary active\" href=\"http:\/\/www.cmcakes.com\/es\/eventos\">VER FECHA DEL TALLER<\/a><\/p>\n","protected":false},"excerpt":{"rendered":"<p>En el Taller corto de Cupcakes b\u00e1sico se realizar\u00e1n dos masas distintas y luego se realizar\u00e1n las decoraciones con diferentes cremas y pastas para darles terminaciones decorativas. Contenido: Conceptos, preparaci\u00f3n [&hellip;]<\/p>\n","protected":false},"author":2,"featured_media":627,"parent":651,"menu_order":0,"comment_status":"open","ping_status":"closed","template":"","meta":{"footnotes":""},"class_list":["post-667","page","type-page","status-publish","has-post-thumbnail","hentry"],"_links":{"self":[{"href":"https:\/\/cmcakes.com\/es\/wp-json\/wp\/v2\/pages\/667","targetHints":{"allow":["GET"]}}],"collection":[{"href":"https:\/\/cmcakes.com\/es\/wp-json\/wp\/v2\/pages"}],"about":[{"href":"https:\/\/cmcakes.com\/es\/wp-json\/wp\/v2\/types\/page"}],"author":[{"embeddable":true,"href":"https:\/\/cmcakes.com\/es\/wp-json\/wp\/v2\/users\/2"}],"replies":[{"embeddable":true,"href":"https:\/\/cmcakes.com\/es\/wp-json\/wp\/v2\/comments?post=667"}],"version-history":[{"count":13,"href":"https:\/\/cmcakes.com\/es\/wp-json\/wp\/v2\/pages\/667\/revisions"}],"predecessor-version":[{"id":717,"href":"https:\/\/cmcakes.com\/es\/wp-json\/wp\/v2\/pages\/667\/revisions\/717"}],"up":[{"embeddable":true,"href":"https:\/\/cmcakes.com\/es\/wp-json\/wp\/v2\/pages\/651"}],"wp:featuredmedia":[{"embeddable":true,"href":"https:\/\/cmcakes.com\/es\/wp-json\/wp\/v2\/media\/627"}],"wp:attachment":[{"href":"https:\/\/cmcakes.com\/es\/wp-json\/wp\/v2\/media?parent=667"}],"curies":[{"name":"wp","href":"https:\/\/api.w.org\/{rel}","templated":true}]}}