{"id":669,"date":"2015-07-14T17:04:25","date_gmt":"2015-07-14T17:04:25","guid":{"rendered":"http:\/\/cmcakes.com\/es\/?page_id=669"},"modified":"2015-07-15T15:59:51","modified_gmt":"2015-07-15T15:59:51","slug":"taller-de-queques-1","status":"publish","type":"page","link":"https:\/\/cmcakes.com\/es\/talleres-de-reposteria\/taller-de-queques-1\/","title":{"rendered":"Taller de Queques 1"},"content":{"rendered":"<p>Aprender\u00e1s a realizar queque de Naranja, Vainilla, Chocolate y Marmoleado<\/p>\n<ul>\n<li>Duraci\u00f3n del curso: 3 horas.<\/li>\n<li>Modalidad: 100% pr\u00e1ctico.<\/li>\n<li>Te llevas a casa lo que preparas, los queques ser\u00e1n cortados entre los participantes<\/li>\n<\/ul>\n<p><a class=\"btn btn-primary active\" href=\"http:\/\/www.cmcakes.com\/es\/eventos\">VER FECHA DEL TALLER<\/a><\/p>\n","protected":false},"excerpt":{"rendered":"<p>Aprender\u00e1s a realizar queque de Naranja, Vainilla, Chocolate y Marmoleado Duraci\u00f3n del curso: 3 horas. Modalidad: 100% pr\u00e1ctico. Te llevas a casa lo que preparas, los queques ser\u00e1n cortados entre [&hellip;]<\/p>\n","protected":false},"author":2,"featured_media":628,"parent":651,"menu_order":0,"comment_status":"open","ping_status":"closed","template":"","meta":{"footnotes":""},"class_list":["post-669","page","type-page","status-publish","has-post-thumbnail","hentry"],"_links":{"self":[{"href":"https:\/\/cmcakes.com\/es\/wp-json\/wp\/v2\/pages\/669","targetHints":{"allow":["GET"]}}],"collection":[{"href":"https:\/\/cmcakes.com\/es\/wp-json\/wp\/v2\/pages"}],"about":[{"href":"https:\/\/cmcakes.com\/es\/wp-json\/wp\/v2\/types\/page"}],"author":[{"embeddable":true,"href":"https:\/\/cmcakes.com\/es\/wp-json\/wp\/v2\/users\/2"}],"replies":[{"embeddable":true,"href":"https:\/\/cmcakes.com\/es\/wp-json\/wp\/v2\/comments?post=669"}],"version-history":[{"count":4,"href":"https:\/\/cmcakes.com\/es\/wp-json\/wp\/v2\/pages\/669\/revisions"}],"predecessor-version":[{"id":718,"href":"https:\/\/cmcakes.com\/es\/wp-json\/wp\/v2\/pages\/669\/revisions\/718"}],"up":[{"embeddable":true,"href":"https:\/\/cmcakes.com\/es\/wp-json\/wp\/v2\/pages\/651"}],"wp:featuredmedia":[{"embeddable":true,"href":"https:\/\/cmcakes.com\/es\/wp-json\/wp\/v2\/media\/628"}],"wp:attachment":[{"href":"https:\/\/cmcakes.com\/es\/wp-json\/wp\/v2\/media?parent=669"}],"curies":[{"name":"wp","href":"https:\/\/api.w.org\/{rel}","templated":true}]}}