{"id":826,"date":"2015-09-27T21:49:24","date_gmt":"2015-09-27T21:49:24","guid":{"rendered":"http:\/\/cmcakes.com\/es\/?post_type=product&#038;p=826"},"modified":"2024-12-10T00:42:17","modified_gmt":"2024-12-10T00:42:17","slug":"trufas-de-chocolate","status":"publish","type":"product","link":"https:\/\/cmcakes.com\/es\/producto\/trufas-de-chocolate\/","title":{"rendered":"\ud83c\udf6b\u2728 Trufas de Chocolate con Toque Dorado \u2728\ud83c\udf6b"},"content":{"rendered":"<div class=\"flex-1 overflow-hidden\">\n<div class=\"react-scroll-to-bottom--css-xncqk-79elbk h-full dark:bg-gray-800\">\n<div class=\"react-scroll-to-bottom--css-xncqk-1n7m0yu\">\n<div class=\"flex flex-col text-sm dark:bg-gray-800\">\n<div class=\"group w-full text-token-text-primary border-b border-black\/10 gizmo:border-0 dark:border-gray-900\/50 gizmo:dark:border-0 bg-gray-50 gizmo:bg-transparent dark:bg-[#444654] gizmo:dark:bg-transparent\" data-testid=\"conversation-turn-39\">\n<div class=\"p-4 justify-center text-base md:gap-6 md:py-6 m-auto\">\n<div class=\"flex flex-1 gap-4 text-base mx-auto md:gap-6 md:max-w-2xl lg:max-w-[38rem] xl:max-w-3xl }\">\n<div class=\"relative flex w-[calc(100%-50px)] flex-col gap-1 md:gap-3 lg:w-[calc(100%-115px)]\">\n<div class=\"flex flex-grow flex-col gap-3 max-w-full\">\n<div class=\"min-h-[20px] flex flex-col items-start gap-3 overflow-x-auto whitespace-pre-wrap break-words\">\n<div class=\"markdown prose w-full break-words dark:prose-invert light\">\n<h3>\ud83c\udf6b\u2728 <strong>Trufas de Chocolate con Toque Dorado: Un Lujo para tus Sentidos<\/strong> \u2728\ud83c\udf6b<\/h3>\n<p>Descubre la magia en cada bocado. Nuestras <strong>Trufas de Chocolate<\/strong> est\u00e1n elaboradas con esencias exquisitas y un toque dorado pintado a mano que las convierte en una experiencia \u00fanica y sofisticada.<\/p>\n<hr \/>\n<h3>\ud83c\udf81 <strong>Pack Especial: 25 Trufas Gourmet por Solo 50 Soles<\/strong> \ud83c\udf81<\/h3>\n<p>En <strong>CMcakes<\/strong>, queremos que disfrutes del placer del chocolate sin l\u00edmites. Por eso, te ofrecemos este paquete exclusivo de 25 trufas gourmet a un precio irresistible: \u00a1solo 50 soles!<\/p>\n<p>Perfectas para:<br \/>\n\ud83c\udf1f Regalar en ocasiones especiales.<br \/>\n\ud83c\udf1f Sorprender a tus invitados.<br \/>\n\ud83c\udf1f Disfrutar de un momento de indulgencia personal.<\/p>\n<hr \/>\n<h3><strong>Haz tu Pedido Hoy y Deja que el Chocolate te Enamore<\/strong> \ud83d\udc9d<\/h3>\n<p>No dejes pasar esta oportunidad de llevar a casa una delicia que combina elegancia y sabor.<br \/>\n\ud83d\udcde <strong>Cont\u00e1ctanos ahora<\/strong>:<br \/>\n\ud83d\udd17 <a href=\"wa.link\/k0ibcu\" rel=\"noopener\">Haz clic aqu\u00ed para escribirnos por WhatsApp<\/a><br \/>\n\ud83d\udce9 O env\u00edanos un mensaje privado directamente.<\/p>\n<p><strong>\u00a1D\u00e9jate tentar por el chocolate!<\/strong> \ud83c\udf6b\u2728<\/p>\n<div class=\"WA-bd WA-b1 WA-b3 WA-e7 WA-e8\" data-baseweb=\"typo-displayxsmall\">wa.link\/k0ibcu<\/div>\n<\/div>\n<\/div>\n<\/div>\n<div class=\"flex justify-between lg:block\">\n<div class=\"text-gray-400 flex self-end lg:self-center justify-center mt-2 gap-2 md:gap-3 lg:gap-1 lg:absolute lg:top-0 lg:translate-x-full lg:right-0 lg:mt-0 lg:pl-2 visible\"><button class=\"flex ml-auto gap-2 rounded-md p-1 hover:bg-gray-100 hover:text-gray-700 dark:text-gray-400 dark:hover:bg-gray-700 dark:hover:text-gray-200 disabled:dark:hover:text-gray-400\"><\/button><\/p>\n<div class=\"flex gap-1\"><\/div>\n<\/div>\n<\/div>\n<\/div>\n<\/div>\n<\/div>\n<\/div>\n<div class=\"h-32 md:h-48 flex-shrink-0\"><\/div>\n<\/div>\n<\/div>\n<\/div>\n<\/div>\n<div class=\"absolute bottom-0 left-0 w-full border-t md:border-t-0 dark:border-white\/20 md:border-transparent md:dark:border-transparent md:bg-vert-light-gradient bg-white dark:bg-gray-800 md:!bg-transparent dark:md:bg-vert-dark-gradient pt-2 md:pl-2 md:w-[calc(100%-.5rem)]\">\n<form class=\"stretch mx-2 flex flex-row gap-3 last:mb-2 md:mx-4 md:last:mb-6 lg:mx-auto lg:max-w-2xl xl:max-w-3xl\">\n<div class=\"relative flex h-full flex-1 items-stretch md:flex-col\">\n<div>\n<div class=\"h-full flex ml-1 md:w-full md:m-auto md:mb-4 gap-0 md:gap-2 justify-center\"><\/div>\n<\/div>\n<\/div>\n<\/form>\n<\/div>\n","protected":false},"excerpt":{"rendered":"<p>\ud83c\udf6b\u2728 <strong>Trufas de Chocolate con Toque Dorado<\/strong> \u2728\ud83c\udf6b<\/p>\n<p>\u00a1Prep\u00e1rate para una experiencia de sabor \u00fanica! Nuestras Trufas de Chocolate son un deleite para tus sentidos. Cada una est\u00e1 impregnada de esencias exquisitas y pintadas a mano con un toque dorado que las hace verdaderamente especiales.<\/p>\n<p>\ud83c\udf81 <strong>Paquete de 25 Trufas por solo 50 Soles<\/strong> \ud83c\udf81<\/p>\n<p>En CMCAKES, creemos que el placer no tiene precio, pero hemos preparado una oferta especial para ti. \u00a1Lleva un paquete de 25 trufas a solo 50 soles! Es tu oportunidad de disfrutar de estas delicias gourmet sin igual.<\/p>\n<p><strong>Perfectas para cualquier ocasi\u00f3n<\/strong> &#8211; ya sea para regalar o para consentirte, nuestras trufas son un lujo que puedes disfrutar cuando quieras.<\/p>\n<p>\u00a1No pierdas esta oportunidad! Haz tu pedido ahora y d\u00e9jate llevar por la tentaci\u00f3n del chocolate.<\/p>\n<p>\ud83d\udcde Para pedidos y consultas, cont\u00e1ctanos en<\/p>\n<div class=\"WA-bd WA-b1 WA-b3 WA-e7 WA-e8\" data-baseweb=\"typo-displayxsmall\">wa.link\/k0ibcu<\/div>\n","protected":false},"featured_media":827,"comment_status":"open","ping_status":"closed","template":"","meta":[],"class_list":{"0":"post-826","1":"product","2":"type-product","3":"status-publish","4":"has-post-thumbnail","6":"product_cat-dulces","7":"product_cat-trufas","8":"product_tag-trufas-chocolate","10":"first","11":"instock","12":"shipping-taxable","13":"purchasable","14":"product-type-simple"},"_links":{"self":[{"href":"https:\/\/cmcakes.com\/es\/wp-json\/wp\/v2\/product\/826","targetHints":{"allow":["GET"]}}],"collection":[{"href":"https:\/\/cmcakes.com\/es\/wp-json\/wp\/v2\/product"}],"about":[{"href":"https:\/\/cmcakes.com\/es\/wp-json\/wp\/v2\/types\/product"}],"replies":[{"embeddable":true,"href":"https:\/\/cmcakes.com\/es\/wp-json\/wp\/v2\/comments?post=826"}],"wp:featuredmedia":[{"embeddable":true,"href":"https:\/\/cmcakes.com\/es\/wp-json\/wp\/v2\/media\/827"}],"wp:attachment":[{"href":"https:\/\/cmcakes.com\/es\/wp-json\/wp\/v2\/media?parent=826"}],"curies":[{"name":"wp","href":"https:\/\/api.w.org\/{rel}","templated":true}]}}