{"id":922,"date":"2022-07-18T00:05:26","date_gmt":"2022-07-18T00:05:26","guid":{"rendered":"http:\/\/cmcakes.com\/es\/?post_type=product&#038;p=922"},"modified":"2024-12-10T01:39:17","modified_gmt":"2024-12-10T01:39:17","slug":"tarta-de-manzana","status":"publish","type":"product","link":"https:\/\/cmcakes.com\/es\/producto\/tarta-de-manzana\/","title":{"rendered":"\ud83c\udf4f\ud83c\udf70 Tarta de Manzana: Un Fest\u00edn para los Amantes de la Excelencia \ud83c\udf70\ud83c\udf4f"},"content":{"rendered":"\n<p>\ud83c\udf4f\ud83c\udf70 <strong>Tarta de Manzana con Crema: Un Fest\u00edn para los Amantes de la Excelencia<\/strong> \ud83c\udf70\ud83c\udf4f<\/p>\n\n\n\n<p>En CMCAKES, entendemos que tu paladar es exigente, y por eso te presentamos nuestra exquisita Tarta de Manzana con Crema. Cada bocado es una sinfon\u00eda de sabores que deleitar\u00e1 tus sentidos y te llevar\u00e1 a un viaje culinario inolvidable.<\/p>\n\n\n\n<p><strong>Nuestro Compromiso Contigo<\/strong><\/p>\n\n\n\n<p>Gracias por confiar en CMCAKES. Tu satisfacci\u00f3n es nuestra prioridad n\u00famero uno, y cada uno de nuestros productos est\u00e1 dise\u00f1ado pensando en ti. Desde la selecci\u00f3n de ingredientes de la m\u00e1s alta calidad hasta la cuidadosa preparaci\u00f3n y el env\u00edo con cari\u00f1o, cada paso es una muestra de nuestro compromiso con la excelencia.<\/p>\n\n\n\n<p><a rel=\"noreferrer noopener\" href=\"https:\/\/wa.link\/k0ibcu\" target=\"_blank\">wa.link\/k0ibcu<\/a><\/p>\n","protected":false},"excerpt":{"rendered":"<p>\ud83c\udf4f\ud83c\udf70 <strong>Tarta de Manzana con Crema: Un Fest\u00edn para los Amantes de la Excelencia<\/strong> \ud83c\udf70\ud83c\udf4f<\/p>\n<p>En CMCAKES, entendemos que tu paladar es exigente, y por eso te presentamos nuestra exquisita Tarta de Manzana con Crema. Cada bocado es una sinfon\u00eda de sabores que deleitar\u00e1 tus sentidos y te llevar\u00e1 a un viaje culinario inolvidable.<\/p>\n<p><strong>Nuestro Compromiso Contigo<\/strong><\/p>\n<p>Gracias por confiar en CMCAKES. Tu satisfacci\u00f3n es nuestra prioridad n\u00famero uno, y cada uno de nuestros productos est\u00e1 dise\u00f1ado pensando en ti. Desde la selecci\u00f3n de ingredientes de la m\u00e1s alta calidad hasta la cuidadosa preparaci\u00f3n y el env\u00edo con cari\u00f1o, cada paso es una muestra de nuestro compromiso con la excelencia.<\/p>\n","protected":false},"featured_media":923,"comment_status":"open","ping_status":"closed","template":"","meta":[],"class_list":{"0":"post-922","1":"product","2":"type-product","3":"status-publish","4":"has-post-thumbnail","6":"product_tag-tarta-de-manzana","8":"first","9":"instock","10":"shipping-taxable","11":"purchasable","12":"product-type-simple"},"_links":{"self":[{"href":"https:\/\/cmcakes.com\/es\/wp-json\/wp\/v2\/product\/922","targetHints":{"allow":["GET"]}}],"collection":[{"href":"https:\/\/cmcakes.com\/es\/wp-json\/wp\/v2\/product"}],"about":[{"href":"https:\/\/cmcakes.com\/es\/wp-json\/wp\/v2\/types\/product"}],"replies":[{"embeddable":true,"href":"https:\/\/cmcakes.com\/es\/wp-json\/wp\/v2\/comments?post=922"}],"wp:featuredmedia":[{"embeddable":true,"href":"https:\/\/cmcakes.com\/es\/wp-json\/wp\/v2\/media\/923"}],"wp:attachment":[{"href":"https:\/\/cmcakes.com\/es\/wp-json\/wp\/v2\/media?parent=922"}],"curies":[{"name":"wp","href":"https:\/\/api.w.org\/{rel}","templated":true}]}}