{"id":957,"date":"2023-09-25T21:30:27","date_gmt":"2023-09-25T21:30:27","guid":{"rendered":"http:\/\/cmcakes.com\/es\/?post_type=product&#038;p=957"},"modified":"2024-12-11T05:10:19","modified_gmt":"2024-12-11T05:10:19","slug":"%f0%9f%8d%b0-descubre-un-mundo-de-diversion-y-sabor-con-el-libro-de-cocina-para-ninos-cm-cakes-ebook-digital%f0%9f%8d%b0","status":"publish","type":"product","link":"https:\/\/cmcakes.com\/es\/producto\/%f0%9f%8d%b0-descubre-un-mundo-de-diversion-y-sabor-con-el-libro-de-cocina-para-ninos-cm-cakes-ebook-digital%f0%9f%8d%b0\/","title":{"rendered":"\ud83c\udf70Libro: Desde cero en la cocina &#8211; Aprende a cocinar con facilidad por Catherine Mantilla\ud83c\udf70"},"content":{"rendered":"\n<p>\ud83c\udf1f Descubre recetas dise\u00f1adas especialmente para ni\u00f1os. \ud83d\udcf8 Sigue im\u00e1genes paso a paso para hacer que cocinar sea sencillo y visualmente atractivo. <\/p>\n\n\n\n<p>\ud83d\udc69\u200d\ud83c\udf73 Fomenta habilidades culinarias fundamentales en tus peque\u00f1os mientras crean delicias. <\/p>\n\n\n\n<p>\ud83c\udf89 Convierte la cocina en un aula creativa para aprender mientras cocinas juntos. Adquierelo en todas las plataformas <\/p>\n\n\n\n<p><a href=\"https:\/\/www.buscalibre.pe\/libro-desde-cero-en-la-cocina\/9786527404484\/p\/63067784\">https:\/\/www.buscalibre.pe\/libro-desde-cero-en-la-cocina\/9786527404484\/p\/63067784<\/a><\/p>\n\n\n\n<p><a rel=\"noreferrer noopener\" href=\"https:\/\/wa.link\/k0ibcu\" target=\"_blank\">wa.link\/k0ibcu<\/a><\/p>\n\n\n\n<p><\/p>\n","protected":false},"excerpt":{"rendered":"<p>&nbsp;<\/p>\n<p><strong>\u00abDesde cero en la cocina: aprende a cocinar con facilidad\u00bb<\/strong> es una invitaci\u00f3n a perder el miedo a la cocina y disfrutar del arte de preparar alimentos desde lo m\u00e1s b\u00e1sico. Este libro est\u00e1 dise\u00f1ado especialmente para principiantes, estudiantes, o cualquiera que desee aprender a cocinar de manera sencilla y pr\u00e1ctica.<\/p>\n","protected":false},"featured_media":959,"comment_status":"open","ping_status":"closed","template":"","meta":[],"class_list":{"0":"post-957","1":"product","2":"type-product","3":"status-publish","4":"has-post-thumbnail","6":"product_cat-libros-y-revistas","7":"product_tag-libro-cocina-para-ninos","9":"first","10":"instock","11":"shipping-taxable","12":"purchasable","13":"product-type-simple"},"_links":{"self":[{"href":"https:\/\/cmcakes.com\/es\/wp-json\/wp\/v2\/product\/957","targetHints":{"allow":["GET"]}}],"collection":[{"href":"https:\/\/cmcakes.com\/es\/wp-json\/wp\/v2\/product"}],"about":[{"href":"https:\/\/cmcakes.com\/es\/wp-json\/wp\/v2\/types\/product"}],"replies":[{"embeddable":true,"href":"https:\/\/cmcakes.com\/es\/wp-json\/wp\/v2\/comments?post=957"}],"wp:featuredmedia":[{"embeddable":true,"href":"https:\/\/cmcakes.com\/es\/wp-json\/wp\/v2\/media\/959"}],"wp:attachment":[{"href":"https:\/\/cmcakes.com\/es\/wp-json\/wp\/v2\/media?parent=957"}],"curies":[{"name":"wp","href":"https:\/\/api.w.org\/{rel}","templated":true}]}}